     {"id":11482,"date":"2018-08-08T13:38:51","date_gmt":"2018-08-08T10:38:51","guid":{"rendered":"http:\/\/www.altid.org.tr\/?page_id=11482"},"modified":"2018-08-28T13:50:18","modified_gmt":"2018-08-28T10:50:18","slug":"alanyada-dalga-sorflu-gunler","status":"publish","type":"page","link":"https:\/\/www.altid.org.tr\/en\/projeler\/alanyada-dalga-sorflu-gunler\/","title":{"rendered":"(Turkish) Alanya&#8217;da Dalga S\u00f6rfl\u00fc G\u00fcnler"},"content":{"rendered":"<p class=\"qtranxs-available-languages-message qtranxs-available-languages-message-en\">Sorry, this entry is only available in <a href=\"https:\/\/www.altid.org.tr\/tr\/wp-json\/wp\/v2\/pages\/11482\" class=\"qtranxs-available-language-link qtranxs-available-language-link-tr\" title=\"Turkish\">Turkish<\/a>.<\/p>","protected":false},"excerpt":{"rendered":"<p class=\"qtranxs-available-languages-message qtranxs-available-languages-message-en\">Sorry, this entry is only available in <a href=\"https:\/\/www.altid.org.tr\/tr\/wp-json\/wp\/v2\/pages\/11482\" class=\"qtranxs-available-language-link qtranxs-available-language-link-tr\" title=\"Turkish\">Turkish<\/a>.<\/p>\n","protected":false},"author":1,"featured_media":11883,"parent":11424,"menu_order":0,"comment_status":"closed","ping_status":"closed","template":"","meta":{"footnotes":""},"class_list":["post-11482","page","type-page","status-publish","has-post-thumbnail","hentry"],"_links":{"self":[{"href":"https:\/\/www.altid.org.tr\/en\/wp-json\/wp\/v2\/pages\/11482","targetHints":{"allow":["GET"]}}],"collection":[{"href":"https:\/\/www.altid.org.tr\/en\/wp-json\/wp\/v2\/pages"}],"about":[{"href":"https:\/\/www.altid.org.tr\/en\/wp-json\/wp\/v2\/types\/page"}],"author":[{"embeddable":true,"href":"https:\/\/www.altid.org.tr\/en\/wp-json\/wp\/v2\/users\/1"}],"replies":[{"embeddable":true,"href":"https:\/\/www.altid.org.tr\/en\/wp-json\/wp\/v2\/comments?post=11482"}],"version-history":[{"count":0,"href":"https:\/\/www.altid.org.tr\/en\/wp-json\/wp\/v2\/pages\/11482\/revisions"}],"up":[{"embeddable":true,"href":"https:\/\/www.altid.org.tr\/en\/wp-json\/wp\/v2\/pages\/11424"}],"wp:featuredmedia":[{"embeddable":true,"href":"https:\/\/www.altid.org.tr\/en\/wp-json\/wp\/v2\/media\/11883"}],"wp:attachment":[{"href":"https:\/\/www.altid.org.tr\/en\/wp-json\/wp\/v2\/media?parent=11482"}],"curies":[{"name":"wp","href":"https:\/\/api.w.org\/{rel}","templated":true}]}}